{"id":358,"date":"2017-05-01T20:45:54","date_gmt":"2017-05-01T18:45:54","guid":{"rendered":"http:\/\/www.crbsp.be\/nl\/?page_id=358"},"modified":"2024-02-11T11:59:36","modified_gmt":"2024-02-11T10:59:36","slug":"dwergschnauzer-wit-2","status":"publish","type":"page","link":"https:\/\/www.crbsp.be\/nl\/dwergschnauzer-wit-2\/","title":{"rendered":"Dwergschnauzer_Wit_"},"content":{"rendered":"<p>Datum dekking : 06\/01\/2024<br \/>\nVermoedelijke geboortedatum : 06\/03\/2024<br \/>\nMannetje : Star&#8217;s of white night celentano<br \/>\nVrouwtje : Star&#8217;s of white night gloria<\/p>\n<p>R\u00e9servatie :<br \/>\nKennel: gardien des bois<\/p>\n<p>Me Martine DUPONT<br \/>\nRoute d&#8217;Eugies, 47<br \/>\nB-7080 FRAMERIES<\/p>\n<p>Agr\u00e9ment : hk 01501015<\/p>\n<p><span style=\"font-family: 'Source Sans Pro';\">T\u00e9l :<br \/>\n<\/span><span style=\"font-family: 'Source Sans Pro';\">GSM : +32(0)499274792<\/span><\/p>\n<p>Http :\u00a0<a href=\"http:\/\/www.randisushabti.be\/\" data-saferedirecturl=\"https:\/\/www.google.com\/url?hl=fr&amp;q=http:\/\/www.randisushabti.be&amp;source=gmail&amp;ust=1493743033000000&amp;usg=AFQjCNFTDlNjwJYrfjm6W-IJP8M-tlSR3g\"><br \/>\n<\/a>Email : <a href=\"mailto:tofer46@hotmail.com\">tofer46@hotmail.com<\/a><br \/>\nFacebook :<br \/>\nInstagram :<\/p>\n<p>&nbsp;<\/p>\n<table>\n<tbody>\n<tr>\n<td><img data-recalc-dims=\"1\" loading=\"lazy\" decoding=\"async\" class=\"wp-image-22783 size-large alignleft\" src=\"https:\/\/i0.wp.com\/www.crbsp.be\/wp-content\/uploads\/2024\/02\/thumbnail_794-1024x788.jpg?resize=1024%2C788&#038;ssl=1\" alt=\"\" width=\"1024\" height=\"788\" \/><\/td>\n<\/tr>\n<tr>\n<td><img data-recalc-dims=\"1\" loading=\"lazy\" decoding=\"async\" class=\"alignnone wp-image-22781\" src=\"https:\/\/i0.wp.com\/www.crbsp.be\/wp-content\/uploads\/2024\/02\/385520741_1162250311420037_4347114441338322526_n-300x169.jpg?resize=412%2C232&#038;ssl=1\" alt=\"\" width=\"412\" height=\"232\" \/><img data-recalc-dims=\"1\" loading=\"lazy\" decoding=\"async\" class=\"alignnone wp-image-22782\" src=\"https:\/\/i0.wp.com\/www.crbsp.be\/wp-content\/uploads\/2024\/02\/thumbnail__75D8656-300x200.jpg?resize=344%2C229&#038;ssl=1\" alt=\"\" width=\"344\" height=\"229\" \/><\/td>\n<td><\/td>\n<\/tr>\n<\/tbody>\n<\/table>\n","protected":false},"excerpt":{"rendered":"<p>Datum dekking : 06\/01\/2024 Vermoedelijke geboortedatum : 06\/03\/2024 Mannetje : Star&#8217;s of white night celentano Vrouwtje : Star&#8217;s of white night gloria R\u00e9servatie : Kennel: gardien des bois Me Martine DUPONT Route d&#8217;Eugies, 47 B-7080 FRAMERIES Agr\u00e9ment : hk 01501015 T\u00e9l : GSM : +32(0)499274792 Http :\u00a0 Email : tofer46@hotmail.com\u2026<\/p>\n<p> <a class=\"continue-reading-link\" href=\"https:\/\/www.crbsp.be\/nl\/dwergschnauzer-wit-2\/\"><span>Continue reading<\/span><i class=\"crycon-right-dir\"><\/i><\/a> <\/p>\n","protected":false},"author":1,"featured_media":0,"parent":0,"menu_order":0,"comment_status":"closed","ping_status":"closed","template":"","meta":{"footnotes":""},"class_list":["post-358","page","type-page","status-publish","hentry"],"jetpack_sharing_enabled":true,"_links":{"self":[{"href":"https:\/\/www.crbsp.be\/nl\/wp-json\/wp\/v2\/pages\/358","targetHints":{"allow":["GET"]}}],"collection":[{"href":"https:\/\/www.crbsp.be\/nl\/wp-json\/wp\/v2\/pages"}],"about":[{"href":"https:\/\/www.crbsp.be\/nl\/wp-json\/wp\/v2\/types\/page"}],"author":[{"embeddable":true,"href":"https:\/\/www.crbsp.be\/nl\/wp-json\/wp\/v2\/users\/1"}],"replies":[{"embeddable":true,"href":"https:\/\/www.crbsp.be\/nl\/wp-json\/wp\/v2\/comments?post=358"}],"version-history":[{"count":18,"href":"https:\/\/www.crbsp.be\/nl\/wp-json\/wp\/v2\/pages\/358\/revisions"}],"predecessor-version":[{"id":2110,"href":"https:\/\/www.crbsp.be\/nl\/wp-json\/wp\/v2\/pages\/358\/revisions\/2110"}],"wp:attachment":[{"href":"https:\/\/www.crbsp.be\/nl\/wp-json\/wp\/v2\/media?parent=358"}],"curies":[{"name":"wp","href":"https:\/\/api.w.org\/{rel}","templated":true}]}}